{"id":1626,"date":"2022-12-09T14:06:59","date_gmt":"2022-12-09T14:06:59","guid":{"rendered":"https:\/\/synclab.at\/?page_id=1626"},"modified":"2025-01-11T09:23:09","modified_gmt":"2025-01-11T09:23:09","slug":"campus-atzgersdorf","status":"publish","type":"page","link":"https:\/\/synclab.at\/en\/campus-atzgersdorf","title":{"rendered":"Campus Atzgersdorf"},"content":{"rendered":"<h2>KINDERTANZ KLASSE<\/h2>\n<p>Kinder zwischen 6 und 11 Jahren lernen in diesem Projekt unterschiedliche Tanzstile und probieren verschiedene Rhythmen aus. Gemeinsam mit Tanzp\u00e4dagog*innen wird eine Choreografie entwickelt und am Ende des Projekts aufgef\u00fchrt. Familienmitglieder\u00a0 sind herzlich Willkommen sich diese Performance dann anzusehen.Vorkenntnisse sind nicht erforderlich.<br \/>Eine regelm\u00e4\u00dfige Teilnahme an den Proben ist Voraussetzung.Freitags statt und dauern ca. 1 Stunde.<\/p>\n<p>\t\t\t\t\t\t\t\t\t\t\t\t<img loading=\"lazy\" decoding=\"async\" width=\"724\" height=\"1024\" src=\"https:\/\/synclab.at\/wp-content\/uploads\/2022\/12\/SAFE-4-724x1024.png\" alt=\"\" srcset=\"https:\/\/synclab.at\/wp-content\/uploads\/2022\/12\/SAFE-4-724x1024.png 724w, https:\/\/synclab.at\/wp-content\/uploads\/2022\/12\/SAFE-4-212x300.png 212w, https:\/\/synclab.at\/wp-content\/uploads\/2022\/12\/SAFE-4-768x1086.png 768w, https:\/\/synclab.at\/wp-content\/uploads\/2022\/12\/SAFE-4-1086x1536.png 1086w, https:\/\/synclab.at\/wp-content\/uploads\/2022\/12\/SAFE-4-1448x2048.png 1448w, https:\/\/synclab.at\/wp-content\/uploads\/2022\/12\/SAFE-4-8x12.png 8w\" sizes=\"auto, (max-width: 724px) 100vw, 724px\" \/><br \/>\n\t\t\t\t\t\t\t\t\t\t\t\t<img loading=\"lazy\" decoding=\"async\" width=\"800\" height=\"500\" src=\"https:\/\/synclab.at\/wp-content\/uploads\/2022\/12\/Navy-and-Yellow-Modern-Movie-Streaming-Desktop-Prototype-3-1024x640.png\" alt=\"\" srcset=\"https:\/\/synclab.at\/wp-content\/uploads\/2022\/12\/Navy-and-Yellow-Modern-Movie-Streaming-Desktop-Prototype-3-1024x640.png 1024w, https:\/\/synclab.at\/wp-content\/uploads\/2022\/12\/Navy-and-Yellow-Modern-Movie-Streaming-Desktop-Prototype-3-300x188.png 300w, https:\/\/synclab.at\/wp-content\/uploads\/2022\/12\/Navy-and-Yellow-Modern-Movie-Streaming-Desktop-Prototype-3-768x480.png 768w, https:\/\/synclab.at\/wp-content\/uploads\/2022\/12\/Navy-and-Yellow-Modern-Movie-Streaming-Desktop-Prototype-3-1536x960.png 1536w, https:\/\/synclab.at\/wp-content\/uploads\/2022\/12\/Navy-and-Yellow-Modern-Movie-Streaming-Desktop-Prototype-3-2048x1280.png 2048w, https:\/\/synclab.at\/wp-content\/uploads\/2022\/12\/Navy-and-Yellow-Modern-Movie-Streaming-Desktop-Prototype-3-18x12.png 18w\" sizes=\"auto, (max-width: 800px) 100vw, 800px\" \/>\t\t\t\t\t\t\t\t\t\t\t\t\t\t<\/p>\n<h2>TEEN DANCE<\/h2>\n<h2>\u00a0 \u00a0\u00a0<\/h2>\n<h4>Mit einem aktiven warm-up und Tanzgrundlagen werden Beweglichkeit, Kraft sowie K\u00f6rperspannung und Ausdruck trainiert. So wird das Aufw\u00e4rmen nicht langweilig und der K\u00f6rper wird optimal vorbereitet.Unterschiedliche Bewegungsqualit\u00e4ten und die Leidenschaft, mit Spa\u00df und Energie den Raum zu f\u00fcllen, stehen bei dem Projekt \u201eTeen Dance\u201c im Mittelpunkt. Musikalit\u00e4t, Ausdruck und Gruppendynamik spielen dann ebenfalls eine gro\u00dfe Rolle und helfen dabei, dass die T\u00e4nzer*innen ihren pers\u00f6nlichen Stil finden.<\/h4>\n<h4>Gemeinsam mit den Teilnehmer*innen erarbeiten Tanzp\u00e4dagog*innen eine Choreografie. Diese wird am Ende des Projekts aufgef\u00fchrt. Alle Familienmitglieder sind herzlich Willkommen sich diese Performance dann anzusehen.Vorkenntnisse sind nicht erforderlich. <br \/>Eine regelm\u00e4\u00dfige Teilnahme an den Proben ist Voraussetzung Proben sind immer Freitags und dauern ca. 2 Stunden.<\/h4>\n<h2>Anmeldung<\/h2>","protected":false},"excerpt":{"rendered":"<p>KINDERTANZ KLASSE Kinder zwischen 6 und 11 Jahren lernen in diesem Projekt unterschiedliche Tanzstile und probieren verschiedene Rhythmen aus. Gemeinsam mit Tanzp\u00e4dagog*innen wird eine Choreografie entwickelt und am Ende des Projekts aufgef\u00fchrt. Familienmitglieder\u00a0 sind herzlich Willkommen sich diese Performance dann anzusehen.Vorkenntnisse sind nicht erforderlich.Eine regelm\u00e4\u00dfige Teilnahme an den Proben ist Voraussetzung.Freitags statt und dauern ca. [&hellip;]<\/p>\n","protected":false},"author":1,"featured_media":0,"parent":0,"menu_order":0,"comment_status":"closed","ping_status":"closed","template":"","meta":{"footnotes":""},"class_list":["post-1626","page","type-page","status-publish","hentry"],"_links":{"self":[{"href":"https:\/\/synclab.at\/en\/wp-json\/wp\/v2\/pages\/1626","targetHints":{"allow":["GET"]}}],"collection":[{"href":"https:\/\/synclab.at\/en\/wp-json\/wp\/v2\/pages"}],"about":[{"href":"https:\/\/synclab.at\/en\/wp-json\/wp\/v2\/types\/page"}],"author":[{"embeddable":true,"href":"https:\/\/synclab.at\/en\/wp-json\/wp\/v2\/users\/1"}],"replies":[{"embeddable":true,"href":"https:\/\/synclab.at\/en\/wp-json\/wp\/v2\/comments?post=1626"}],"version-history":[{"count":25,"href":"https:\/\/synclab.at\/en\/wp-json\/wp\/v2\/pages\/1626\/revisions"}],"predecessor-version":[{"id":1668,"href":"https:\/\/synclab.at\/en\/wp-json\/wp\/v2\/pages\/1626\/revisions\/1668"}],"wp:attachment":[{"href":"https:\/\/synclab.at\/en\/wp-json\/wp\/v2\/media?parent=1626"}],"curies":[{"name":"wp","href":"https:\/\/api.w.org\/{rel}","templated":true}]}}