{"id":230,"date":"2020-01-15T16:28:20","date_gmt":"2020-01-15T16:28:20","guid":{"rendered":"https:\/\/synclab.at\/?page_id=230"},"modified":"2025-01-13T08:04:02","modified_gmt":"2025-01-13T08:04:02","slug":"home","status":"publish","type":"page","link":"https:\/\/synclab.at\/en\/","title":{"rendered":"home"},"content":{"rendered":"<div data-elementor-type=\"wp-page\" data-elementor-id=\"230\" class=\"elementor elementor-230\" data-elementor-post-type=\"page\">\n\t\t\t\t<div class=\"elementor-element elementor-element-777bf7d e-flex e-con-boxed e-con e-parent\" data-id=\"777bf7d\" data-element_type=\"container\" data-e-type=\"container\" data-settings=\"{&quot;background_background&quot;:&quot;classic&quot;}\">\n\t\t\t\t\t<div class=\"e-con-inner\">\n\t\t<div class=\"elementor-element elementor-element-702c69e e-con-full e-flex e-con e-child\" data-id=\"702c69e\" data-element_type=\"container\" data-e-type=\"container\">\n\t\t\t\t<div class=\"elementor-element elementor-element-fd9c530 elementor-widget elementor-widget-heading\" data-id=\"fd9c530\" data-element_type=\"widget\" data-e-type=\"widget\" data-widget_type=\"heading.default\">\n\t\t\t\t<div class=\"elementor-widget-container\">\n\t\t\t\t\t<h2 class=\"elementor-heading-title elementor-size-default\">Synclab<\/h2>\t\t\t\t<\/div>\n\t\t\t\t<\/div>\n\t\t\t\t<div class=\"elementor-element elementor-element-94001c0 elementor-widget elementor-widget-heading\" data-id=\"94001c0\" data-element_type=\"widget\" data-e-type=\"widget\" data-widget_type=\"heading.default\">\n\t\t\t\t<div class=\"elementor-widget-container\">\n\t\t\t\t\t<h2 class=\"elementor-heading-title elementor-size-default\">Tanzkollektiv<\/h2>\t\t\t\t<\/div>\n\t\t\t\t<\/div>\n\t\t\t\t<div class=\"elementor-element elementor-element-64d7de1 elementor-widget elementor-widget-text-editor\" data-id=\"64d7de1\" data-element_type=\"widget\" data-e-type=\"widget\" data-widget_type=\"text-editor.default\">\n\t\t\t\t<div class=\"elementor-widget-container\">\n\t\t\t\t\t\t\t\t\t<p class=\"p1\"><i>Der Verein \u201cSyncLab Tanzkollektiv\u201d wurde 2018 gegr\u00fcndet mit dem Zweck\u00a0Tanzprojekte und k\u00fcnstlerische Forschung im Bereich Bewegung zu f\u00f6rdern und durchzuf\u00fchren. Weiters soll er durch Projekte wie \u201cDance In Change\u201d, als Plattform f\u00fcr die Vermittlung von Kunst und Kultur durch Tanz Initiativen dienen und vor allem jungen noch unbekannten K\u00fcnstlerInnen als Vermittlungsstelle dienen.<\/i><\/p>\t\t\t\t\t\t\t\t<\/div>\n\t\t\t\t<\/div>\n\t\t\t\t<\/div>\n\t\t<div class=\"elementor-element elementor-element-1f49f83 e-con-full e-flex e-con e-child\" data-id=\"1f49f83\" data-element_type=\"container\" data-e-type=\"container\">\n\t\t\t\t<div class=\"elementor-element elementor-element-474ae26 synclab elementor-widget elementor-widget-image\" data-id=\"474ae26\" data-element_type=\"widget\" data-e-type=\"widget\" data-widget_type=\"image.default\">\n\t\t\t\t<div class=\"elementor-widget-container\">\n\t\t\t\t\t\t\t\t\t\t\t\t\t\t\t<img fetchpriority=\"high\" decoding=\"async\" width=\"724\" height=\"1024\" src=\"https:\/\/synclab.at\/wp-content\/uploads\/2022\/12\/SAFE-3-724x1024.png\" class=\"attachment-large size-large wp-image-1599\" alt=\"\" srcset=\"https:\/\/synclab.at\/wp-content\/uploads\/2022\/12\/SAFE-3-724x1024.png 724w, https:\/\/synclab.at\/wp-content\/uploads\/2022\/12\/SAFE-3-212x300.png 212w, https:\/\/synclab.at\/wp-content\/uploads\/2022\/12\/SAFE-3-768x1086.png 768w, https:\/\/synclab.at\/wp-content\/uploads\/2022\/12\/SAFE-3-1086x1536.png 1086w, https:\/\/synclab.at\/wp-content\/uploads\/2022\/12\/SAFE-3-1448x2048.png 1448w, https:\/\/synclab.at\/wp-content\/uploads\/2022\/12\/SAFE-3-8x12.png 8w\" sizes=\"(max-width: 724px) 100vw, 724px\" \/>\t\t\t\t\t\t\t\t\t\t\t\t\t\t\t<\/div>\n\t\t\t\t<\/div>\n\t\t\t\t<div class=\"elementor-element elementor-element-30a418b elementor-grid-1 elementor-absolute elementor-shape-rounded e-grid-align-center elementor-widget elementor-widget-social-icons\" data-id=\"30a418b\" data-element_type=\"widget\" data-e-type=\"widget\" data-settings=\"{&quot;_position&quot;:&quot;absolute&quot;}\" data-widget_type=\"social-icons.default\">\n\t\t\t\t<div class=\"elementor-widget-container\">\n\t\t\t\t\t\t\t<div class=\"elementor-social-icons-wrapper elementor-grid\" role=\"list\">\n\t\t\t\t\t\t\t<span class=\"elementor-grid-item\" role=\"listitem\">\n\t\t\t\t\t<a class=\"elementor-icon elementor-social-icon elementor-social-icon-facebook elementor-repeater-item-6815390\" href=\"https:\/\/www.facebook.com\/synclabtanzkollektiv\" target=\"_blank\">\n\t\t\t\t\t\t<span class=\"elementor-screen-only\">Facebook<\/span>\n\t\t\t\t\t\t<i aria-hidden=\"true\" class=\"fab fa-facebook\"><\/i>\t\t\t\t\t<\/a>\n\t\t\t\t<\/span>\n\t\t\t\t\t\t\t<span class=\"elementor-grid-item\" role=\"listitem\">\n\t\t\t\t\t<a class=\"elementor-icon elementor-social-icon elementor-social-icon-twitter elementor-repeater-item-3780bad\" target=\"_blank\">\n\t\t\t\t\t\t<span class=\"elementor-screen-only\">Twitter<\/span>\n\t\t\t\t\t\t<i aria-hidden=\"true\" class=\"fab fa-twitter\"><\/i>\t\t\t\t\t<\/a>\n\t\t\t\t<\/span>\n\t\t\t\t\t\t\t<span class=\"elementor-grid-item\" role=\"listitem\">\n\t\t\t\t\t<a class=\"elementor-icon elementor-social-icon elementor-social-icon-instagram elementor-repeater-item-51e6641\" href=\"https:\/\/www.instagram.com\/synclab.at\/\" target=\"_blank\">\n\t\t\t\t\t\t<span class=\"elementor-screen-only\">Instagram<\/span>\n\t\t\t\t\t\t<i aria-hidden=\"true\" class=\"fab fa-instagram\"><\/i>\t\t\t\t\t<\/a>\n\t\t\t\t<\/span>\n\t\t\t\t\t<\/div>\n\t\t\t\t\t\t<\/div>\n\t\t\t\t<\/div>\n\t\t\t\t<\/div>\n\t\t\t\t\t<\/div>\n\t\t\t\t<\/div>\n\t\t<div class=\"elementor-element elementor-element-20bdc71 e-flex e-con-boxed e-con e-parent\" data-id=\"20bdc71\" data-element_type=\"container\" data-e-type=\"container\">\n\t\t\t\t\t<div class=\"e-con-inner\">\n\t\t\t\t<div class=\"elementor-element elementor-element-3833bed elementor-widget elementor-widget-heading\" data-id=\"3833bed\" data-element_type=\"widget\" data-e-type=\"widget\" data-widget_type=\"heading.default\">\n\t\t\t\t<div class=\"elementor-widget-container\">\n\t\t\t\t\t<h2 class=\"elementor-heading-title elementor-size-default\">KinderTanz Klasse<\/h2>\t\t\t\t<\/div>\n\t\t\t\t<\/div>\n\t\t\t\t<div class=\"elementor-element elementor-element-f396e96 elementor-cta--skin-classic elementor-animated-content elementor-bg-transform elementor-bg-transform-zoom-in elementor-widget elementor-widget-call-to-action\" data-id=\"f396e96\" data-element_type=\"widget\" data-e-type=\"widget\" data-widget_type=\"call-to-action.default\">\n\t\t\t\t<div class=\"elementor-widget-container\">\n\t\t\t\t\t\t\t<div class=\"elementor-cta\">\n\t\t\t\t\t<div class=\"elementor-cta__bg-wrapper\">\n\t\t\t\t<div class=\"elementor-cta__bg elementor-bg\" style=\"background-image: url(https:\/\/synclab.at\/wp-content\/uploads\/2022\/12\/SAFE-4-724x1024.png);\" role=\"img\" aria-label=\"SAFE-4\"><\/div>\n\t\t\t\t<div class=\"elementor-cta__bg-overlay\"><\/div>\n\t\t\t<\/div>\n\t\t\t\t\t\t\t<div class=\"elementor-cta__content\">\n\t\t\t\t\n\t\t\t\t\t\t\t\t\t<h2 class=\"elementor-cta__title elementor-cta__content-item elementor-content-item\">\n\t\t\t\t\t\tCampus Atzgersdorf\t\t\t\t\t<\/h2>\n\t\t\t\t\n\t\t\t\t\n\t\t\t\t\t\t\t\t\t<div class=\"elementor-cta__button-wrapper elementor-cta__content-item elementor-content-item\">\n\t\t\t\t\t<a class=\"elementor-cta__button elementor-button elementor-size-\" href=\"https:\/\/synclab.at\/en\/campus-atzgersdorf\/\">\n\t\t\t\t\t\tClick Here\t\t\t\t\t<\/a>\n\t\t\t\t\t<\/div>\n\t\t\t\t\t\t\t<\/div>\n\t\t\t\t\t\t<\/div>\n\t\t\t\t\t\t<\/div>\n\t\t\t\t<\/div>\n\t\t\t\t<div class=\"elementor-element elementor-element-387b3c4 elementor-widget elementor-widget-heading\" data-id=\"387b3c4\" data-element_type=\"widget\" data-e-type=\"widget\" data-widget_type=\"heading.default\">\n\t\t\t\t<div class=\"elementor-widget-container\">\n\t\t\t\t\t<h2 class=\"elementor-heading-title elementor-size-default\">Teen Dance<\/h2>\t\t\t\t<\/div>\n\t\t\t\t<\/div>\n\t\t\t\t<div class=\"elementor-element elementor-element-301ca5d elementor-cta--layout-image-above elementor-cta--skin-classic elementor-animated-content elementor-bg-transform elementor-bg-transform-zoom-in elementor-widget elementor-widget-call-to-action\" data-id=\"301ca5d\" data-element_type=\"widget\" data-e-type=\"widget\" data-widget_type=\"call-to-action.default\">\n\t\t\t\t<div class=\"elementor-widget-container\">\n\t\t\t\t\t\t\t<div class=\"elementor-cta\">\n\t\t\t\t\t<div class=\"elementor-cta__bg-wrapper\">\n\t\t\t\t<div class=\"elementor-cta__bg elementor-bg\" style=\"background-image: url(https:\/\/synclab.at\/wp-content\/uploads\/2022\/12\/Navy-and-Yellow-Modern-Movie-Streaming-Desktop-Prototype-3-1536x960.png);\" role=\"img\" aria-label=\"Navy and Yellow Modern Movie Streaming Desktop Prototype-3\"><\/div>\n\t\t\t\t<div class=\"elementor-cta__bg-overlay\"><\/div>\n\t\t\t<\/div>\n\t\t\t\t\t\t\t<div class=\"elementor-cta__content\">\n\t\t\t\t\n\t\t\t\t\t\t\t\t\t<h2 class=\"elementor-cta__title elementor-cta__content-item elementor-content-item\">\n\t\t\t\t\t\tCampus Atzgersdorf\t\t\t\t\t<\/h2>\n\t\t\t\t\n\t\t\t\t\t\t\t\t\t<div class=\"elementor-cta__description elementor-cta__content-item elementor-content-item\">\n\t\t\t\t\t\tMit einem aktiven warm-up und Tanzgrundlagen werden Beweglichkeit, Kraft sowie K\u00f6rperspannung und Ausdruck trainiert. \n\t\t\t\t\t<\/div>\n\t\t\t\t\n\t\t\t\t\t\t\t\t\t<div class=\"elementor-cta__button-wrapper elementor-cta__content-item elementor-content-item\">\n\t\t\t\t\t<a class=\"elementor-cta__button elementor-button elementor-size-\" href=\"https:\/\/synclab.at\/en\/campus-atzgersdorf\/\">\n\t\t\t\t\t\tClick Here\t\t\t\t\t<\/a>\n\t\t\t\t\t<\/div>\n\t\t\t\t\t\t\t<\/div>\n\t\t\t\t\t\t<\/div>\n\t\t\t\t\t\t<\/div>\n\t\t\t\t<\/div>\n\t\t\t\t\t<\/div>\n\t\t\t\t<\/div>\n\t\t\t\t<\/div>","protected":false},"excerpt":{"rendered":"<p>Synclab Tanzkollektiv Der Verein \u201cSyncLab Tanzkollektiv\u201d wurde 2018 gegr\u00fcndet mit dem Zweck\u00a0Tanzprojekte und k\u00fcnstlerische Forschung im Bereich Bewegung zu f\u00f6rdern und durchzuf\u00fchren. Weiters soll er durch Projekte wie \u201cDance In Change\u201d, als Plattform f\u00fcr die Vermittlung von Kunst und Kultur durch Tanz Initiativen dienen und vor allem jungen noch unbekannten K\u00fcnstlerInnen als Vermittlungsstelle dienen. Facebook [&hellip;]<\/p>\n","protected":false},"author":1,"featured_media":0,"parent":0,"menu_order":0,"comment_status":"closed","ping_status":"closed","template":"elementor_header_footer","meta":{"footnotes":""},"class_list":["post-230","page","type-page","status-publish","hentry"],"_links":{"self":[{"href":"https:\/\/synclab.at\/en\/wp-json\/wp\/v2\/pages\/230","targetHints":{"allow":["GET"]}}],"collection":[{"href":"https:\/\/synclab.at\/en\/wp-json\/wp\/v2\/pages"}],"about":[{"href":"https:\/\/synclab.at\/en\/wp-json\/wp\/v2\/types\/page"}],"author":[{"embeddable":true,"href":"https:\/\/synclab.at\/en\/wp-json\/wp\/v2\/users\/1"}],"replies":[{"embeddable":true,"href":"https:\/\/synclab.at\/en\/wp-json\/wp\/v2\/comments?post=230"}],"version-history":[{"count":176,"href":"https:\/\/synclab.at\/en\/wp-json\/wp\/v2\/pages\/230\/revisions"}],"predecessor-version":[{"id":1682,"href":"https:\/\/synclab.at\/en\/wp-json\/wp\/v2\/pages\/230\/revisions\/1682"}],"wp:attachment":[{"href":"https:\/\/synclab.at\/en\/wp-json\/wp\/v2\/media?parent=230"}],"curies":[{"name":"wp","href":"https:\/\/api.w.org\/{rel}","templated":true}]}}