{"id":47,"date":"2019-06-17T18:23:34","date_gmt":"2019-06-17T18:23:34","guid":{"rendered":"https:\/\/synclab.at\/?page_id=47"},"modified":"2020-02-15T23:26:22","modified_gmt":"2020-02-15T23:26:22","slug":"adrian-artacho","status":"publish","type":"page","link":"https:\/\/synclab.at\/en\/adrian-artacho","title":{"rendered":"ADRIAN ARTACHO"},"content":{"rendered":"<div data-elementor-type=\"wp-page\" data-elementor-id=\"47\" class=\"elementor elementor-47\" data-elementor-post-type=\"page\">\n\t\t\t\t\t\t<section class=\"elementor-section elementor-top-section elementor-element elementor-element-4b41d6c elementor-section-full_width elementor-section-height-min-height elementor-hidden-phone elementor-section-height-default elementor-section-items-middle\" data-id=\"4b41d6c\" data-element_type=\"section\" data-e-type=\"section\" data-settings=\"{&quot;background_background&quot;:&quot;classic&quot;}\">\n\t\t\t\t\t\t<div class=\"elementor-container elementor-column-gap-no\">\n\t\t\t\t\t<div class=\"elementor-column elementor-col-100 elementor-top-column elementor-element elementor-element-ed4583d\" data-id=\"ed4583d\" data-element_type=\"column\" data-e-type=\"column\">\n\t\t\t<div class=\"elementor-widget-wrap elementor-element-populated\">\n\t\t\t\t\t\t<div class=\"elementor-element elementor-element-b338484 elementor-widget elementor-widget-heading\" data-id=\"b338484\" data-element_type=\"widget\" data-e-type=\"widget\" data-widget_type=\"heading.default\">\n\t\t\t\t<div class=\"elementor-widget-container\">\n\t\t\t\t\t<h2 class=\"elementor-heading-title elementor-size-default\">ADRIAN ARTACHO<\/h2>\t\t\t\t<\/div>\n\t\t\t\t<\/div>\n\t\t\t\t<div class=\"elementor-element elementor-element-4cc20d3 elementor-widget elementor-widget-image\" data-id=\"4cc20d3\" data-element_type=\"widget\" data-e-type=\"widget\" data-widget_type=\"image.default\">\n\t\t\t\t<div class=\"elementor-widget-container\">\n\t\t\t\t\t\t\t\t\t\t\t\t\t\t\t<img fetchpriority=\"high\" decoding=\"async\" width=\"800\" height=\"1000\" src=\"https:\/\/synclab.at\/wp-content\/uploads\/2020\/02\/adrian-2-819x1024.png\" class=\"attachment-large size-large wp-image-564\" alt=\"\" srcset=\"https:\/\/synclab.at\/wp-content\/uploads\/2020\/02\/adrian-2-819x1024.png 819w, https:\/\/synclab.at\/wp-content\/uploads\/2020\/02\/adrian-2-240x300.png 240w, https:\/\/synclab.at\/wp-content\/uploads\/2020\/02\/adrian-2-768x961.png 768w, https:\/\/synclab.at\/wp-content\/uploads\/2020\/02\/adrian-2-1228x1536.png 1228w, https:\/\/synclab.at\/wp-content\/uploads\/2020\/02\/adrian-2.png 1279w\" sizes=\"(max-width: 800px) 100vw, 800px\" \/>\t\t\t\t\t\t\t\t\t\t\t\t\t\t\t<\/div>\n\t\t\t\t<\/div>\n\t\t\t\t<div class=\"elementor-element elementor-element-a36d726 elementor-widget elementor-widget-text-editor\" data-id=\"a36d726\" data-element_type=\"widget\" data-e-type=\"widget\" data-widget_type=\"text-editor.default\">\n\t\t\t\t<div class=\"elementor-widget-container\">\n\t\t\t\t\t\t\t\t\t<p style=\"text-align: center;\">Ompositionsstudium an der Musik und Kunst Privatuniversit\u00e4t. 2002-2007 Studium der Translationswissenschaft an der Universidad de M\u00e1laga.Mehrj\u00e4hrige Erfahrung im Bereich Vermittlungsprojekte, u.A. bei den Wiener Philharmonikern, Weltmuseum, Leopoldmuseum und f\u00fcr die Stadt Wien. Im Rahmen dieser T\u00e4tigkeit intensive Auseinandersetzung mit Wissenschaftskommunikation und Durchf\u00fchrung von Projekten wie den \u201ePhysik&amp;Musik\u201c Workshop (Internationale Akademie Traunkirchen), \u201eLaborwelten\u201c (Wunderkammer Wien) und \u201eKl\u00e4nge der Materie\u201c (Universit\u00e4t Wien). Als freischaffender Komponist ist Herr Artacho regelm\u00e4\u00dfig im Bereich Musiktheater und Tanz t\u00e4tig (Musiktheatertage Wien, Bewegte Interaktion) und ist seit 2009 k\u00fcnstlerischer Leiter vom Verein Neues Atelier.Der jetziger Doktorand der Universit\u00e4t f\u00fcr Musik und darstellende Kunst Wien begann seine akademische Laufbahn mit dem Studium der Komposition und Musiktheorie. Die Faszination zur Kooperation zwischen menschlichen Darstellern und Computersystemen begleitet ihn schon l\u00e4nger. Im Jahr 2013 startete Artacho mit der Tanzkompanie tanz.labor.labyrinth das Projekt \u00abHuman Flocks\u00bb, welches verschiedene Methoden des Live-Choreographings mittels computergesteuerten Audioanweisungen untersuchte. In 2016 hat er den Postgradualen Lehrgang Elektroakustische Komposition am Institut f\u00fcr Komposition, Elektroakustik und TonmeisterInnen-Ausbildung der MDW erfolgreich absolviert, und seitdem hat er sich als Performer und freischaffender Komponist mit der Umsetzung \u00e4hnlicher Ideen im Bereich Computermusik und Multimedia intensiv besch\u00e4ftigt.\u00a0Seit 2015 f\u00fchrt er eine intensive Zusammenarbeit mit den Saxophonisten Dr. Joel Diegert an der Kunstuniversit\u00e4t Graz im Bereich k\u00fcnstlerischer Forschung und \u00abextended instruments\u00bb. Weiters hat Artacho im Laufe seiner Karriere die Chance Technologien wie Motion Capture, Sensoren und live Audio-Verarbeitung in k\u00fcnstlerischen Projekten nicht nur als Komponist, sondern auch als Entwickler und Forscher einzusetzen. Dies alles m\u00fcndet in der jetzigen Vision die Artacho an der Seite des Choreographens Sayed Labib in 2020 realisieren wollen, mittels der von Ihnen gegr\u00fcndeten Tanzkompanie SyncLab Tanzkollektiv.<\/p>\t\t\t\t\t\t\t\t<\/div>\n\t\t\t\t<\/div>\n\t\t\t\t\t<\/div>\n\t\t<\/div>\n\t\t\t\t\t<\/div>\n\t\t<\/section>\n\t\t\t\t<section class=\"elementor-section elementor-top-section elementor-element elementor-element-95a60ac elementor-section-full_width elementor-section-height-min-height elementor-hidden-desktop elementor-hidden-tablet elementor-section-height-default elementor-section-items-middle\" data-id=\"95a60ac\" data-element_type=\"section\" data-e-type=\"section\" data-settings=\"{&quot;background_background&quot;:&quot;classic&quot;}\">\n\t\t\t\t\t\t<div class=\"elementor-container elementor-column-gap-no\">\n\t\t\t\t\t<div class=\"elementor-column elementor-col-100 elementor-top-column elementor-element elementor-element-dfd6b55\" data-id=\"dfd6b55\" data-element_type=\"column\" data-e-type=\"column\">\n\t\t\t<div class=\"elementor-widget-wrap elementor-element-populated\">\n\t\t\t\t\t\t<div class=\"elementor-element elementor-element-ef923dd elementor-widget elementor-widget-heading\" data-id=\"ef923dd\" data-element_type=\"widget\" data-e-type=\"widget\" data-widget_type=\"heading.default\">\n\t\t\t\t<div class=\"elementor-widget-container\">\n\t\t\t\t\t<h2 class=\"elementor-heading-title elementor-size-default\">ADRIAN ARTACHO<\/h2>\t\t\t\t<\/div>\n\t\t\t\t<\/div>\n\t\t\t\t<div class=\"elementor-element elementor-element-dd0512a elementor-widget elementor-widget-image\" data-id=\"dd0512a\" data-element_type=\"widget\" data-e-type=\"widget\" data-widget_type=\"image.default\">\n\t\t\t\t<div class=\"elementor-widget-container\">\n\t\t\t\t\t\t\t\t\t\t\t\t\t\t\t<img fetchpriority=\"high\" decoding=\"async\" width=\"800\" height=\"1000\" src=\"https:\/\/synclab.at\/wp-content\/uploads\/2020\/02\/adrian-2-819x1024.png\" class=\"attachment-large size-large wp-image-564\" alt=\"\" srcset=\"https:\/\/synclab.at\/wp-content\/uploads\/2020\/02\/adrian-2-819x1024.png 819w, https:\/\/synclab.at\/wp-content\/uploads\/2020\/02\/adrian-2-240x300.png 240w, https:\/\/synclab.at\/wp-content\/uploads\/2020\/02\/adrian-2-768x961.png 768w, https:\/\/synclab.at\/wp-content\/uploads\/2020\/02\/adrian-2-1228x1536.png 1228w, https:\/\/synclab.at\/wp-content\/uploads\/2020\/02\/adrian-2.png 1279w\" sizes=\"(max-width: 800px) 100vw, 800px\" \/>\t\t\t\t\t\t\t\t\t\t\t\t\t\t\t<\/div>\n\t\t\t\t<\/div>\n\t\t\t\t<div class=\"elementor-element elementor-element-4d044ca elementor-widget elementor-widget-text-editor\" data-id=\"4d044ca\" data-element_type=\"widget\" data-e-type=\"widget\" data-widget_type=\"text-editor.default\">\n\t\t\t\t<div class=\"elementor-widget-container\">\n\t\t\t\t\t\t\t\t\t<p style=\"text-align: center;\">Ompositionsstudium an der Musik und Kunst Privatuniversit\u00e4t. 2002-2007 Studium der Translationswissenschaft an der Universidad de M\u00e1laga.Mehrj\u00e4hrige Erfahrung im Bereich Vermittlungsprojekte, u.A. bei den Wiener Philharmonikern, Weltmuseum, Leopoldmuseum und f\u00fcr die Stadt Wien. Im Rahmen dieser T\u00e4tigkeit intensive Auseinandersetzung mit Wissenschaftskommunikation und Durchf\u00fchrung von Projekten wie den \u201ePhysik&amp;Musik\u201c Workshop (Internationale Akademie Traunkirchen), \u201eLaborwelten\u201c (Wunderkammer Wien) und \u201eKl\u00e4nge der Materie\u201c (Universit\u00e4t Wien). Als freischaffender Komponist ist Herr Artacho regelm\u00e4\u00dfig im Bereich Musiktheater und Tanz t\u00e4tig (Musiktheatertage Wien, Bewegte Interaktion) und ist seit 2009 k\u00fcnstlerischer Leiter vom Verein Neues Atelier.Der jetziger Doktorand der Universit\u00e4t f\u00fcr Musik und darstellende Kunst Wien begann seine akademische Laufbahn mit dem Studium der Komposition und Musiktheorie. Die Faszination zur Kooperation zwischen menschlichen Darstellern und Computersystemen begleitet ihn schon l\u00e4nger. Im Jahr 2013 startete Artacho mit der Tanzkompanie tanz.labor.labyrinth das Projekt \u00abHuman Flocks\u00bb, welches verschiedene Methoden des Live-Choreographings mittels computergesteuerten Audioanweisungen untersuchte. In 2016 hat er den Postgradualen Lehrgang Elektroakustische Komposition am Institut f\u00fcr Komposition, Elektroakustik und TonmeisterInnen-Ausbildung der MDW erfolgreich absolviert, und seitdem hat er sich als Performer und freischaffender Komponist mit der Umsetzung \u00e4hnlicher Ideen im Bereich Computermusik und Multimedia intensiv besch\u00e4ftigt.\u00a0Seit 2015 f\u00fchrt er eine intensive Zusammenarbeit mit den Saxophonisten Dr. Joel Diegert an der Kunstuniversit\u00e4t Graz im Bereich k\u00fcnstlerischer Forschung und \u00abextended instruments\u00bb. Weiters hat Artacho im Laufe seiner Karriere die Chance Technologien wie Motion Capture, Sensoren und live Audio-Verarbeitung in k\u00fcnstlerischen Projekten nicht nur als Komponist, sondern auch als Entwickler und Forscher einzusetzen. Dies alles m\u00fcndet in der jetzigen Vision die Artacho an der Seite des Choreographens Sayed Labib in 2020 realisieren wollen, mittels der von Ihnen gegr\u00fcndeten Tanzkompanie SyncLab Tanzkollektiv.<\/p>\t\t\t\t\t\t\t\t<\/div>\n\t\t\t\t<\/div>\n\t\t\t\t\t<\/div>\n\t\t<\/div>\n\t\t\t\t\t<\/div>\n\t\t<\/section>\n\t\t\t\t<\/div>","protected":false},"excerpt":{"rendered":"<p>ADRIAN ARTACHO Ompositionsstudium an der Musik und Kunst Privatuniversit\u00e4t. 2002-2007 Studium der Translationswissenschaft an der Universidad de M\u00e1laga.Mehrj\u00e4hrige Erfahrung im Bereich Vermittlungsprojekte, u.A. bei den Wiener Philharmonikern, Weltmuseum, Leopoldmuseum und f\u00fcr die Stadt Wien. Im Rahmen dieser T\u00e4tigkeit intensive Auseinandersetzung mit Wissenschaftskommunikation und Durchf\u00fchrung von Projekten wie den \u201ePhysik&amp;Musik\u201c Workshop (Internationale Akademie Traunkirchen), \u201eLaborwelten\u201c (Wunderkammer [&hellip;]<\/p>\n","protected":false},"author":1,"featured_media":0,"parent":0,"menu_order":0,"comment_status":"closed","ping_status":"closed","template":"elementor_header_footer","meta":{"footnotes":""},"class_list":["post-47","page","type-page","status-publish","hentry"],"_links":{"self":[{"href":"https:\/\/synclab.at\/en\/wp-json\/wp\/v2\/pages\/47","targetHints":{"allow":["GET"]}}],"collection":[{"href":"https:\/\/synclab.at\/en\/wp-json\/wp\/v2\/pages"}],"about":[{"href":"https:\/\/synclab.at\/en\/wp-json\/wp\/v2\/types\/page"}],"author":[{"embeddable":true,"href":"https:\/\/synclab.at\/en\/wp-json\/wp\/v2\/users\/1"}],"replies":[{"embeddable":true,"href":"https:\/\/synclab.at\/en\/wp-json\/wp\/v2\/comments?post=47"}],"version-history":[{"count":7,"href":"https:\/\/synclab.at\/en\/wp-json\/wp\/v2\/pages\/47\/revisions"}],"predecessor-version":[{"id":589,"href":"https:\/\/synclab.at\/en\/wp-json\/wp\/v2\/pages\/47\/revisions\/589"}],"wp:attachment":[{"href":"https:\/\/synclab.at\/en\/wp-json\/wp\/v2\/media?parent=47"}],"curies":[{"name":"wp","href":"https:\/\/api.w.org\/{rel}","templated":true}]}}