{"id":933,"date":"2020-06-29T19:34:02","date_gmt":"2020-06-29T19:34:02","guid":{"rendered":"https:\/\/synclab.at\/?page_id=933"},"modified":"2020-07-04T22:06:50","modified_gmt":"2020-07-04T22:06:50","slug":"shahad-kashef","status":"publish","type":"page","link":"https:\/\/synclab.at\/en\/shahad-kashef","title":{"rendered":"Shahad Kashef"},"content":{"rendered":"<div data-elementor-type=\"wp-page\" data-elementor-id=\"933\" class=\"elementor elementor-933\" data-elementor-post-type=\"page\">\n\t\t\t\t\t\t<section class=\"elementor-section elementor-top-section elementor-element elementor-element-a241d6e elementor-section-boxed elementor-section-height-default elementor-section-height-default\" data-id=\"a241d6e\" data-element_type=\"section\" data-e-type=\"section\">\n\t\t\t\t\t\t<div class=\"elementor-container elementor-column-gap-default\">\n\t\t\t\t\t<div class=\"elementor-column elementor-col-100 elementor-top-column elementor-element elementor-element-02f4000\" data-id=\"02f4000\" data-element_type=\"column\" data-e-type=\"column\">\n\t\t\t<div class=\"elementor-widget-wrap elementor-element-populated\">\n\t\t\t\t\t\t<div class=\"elementor-element elementor-element-d017f6e elementor-widget elementor-widget-image\" data-id=\"d017f6e\" data-element_type=\"widget\" data-e-type=\"widget\" data-widget_type=\"image.default\">\n\t\t\t\t<div class=\"elementor-widget-container\">\n\t\t\t\t\t\t\t\t\t\t\t\t\t\t\t<img decoding=\"async\" width=\"300\" height=\"120\" src=\"https:\/\/synclab.at\/wp-content\/uploads\/2020\/02\/synclab-logo-2-300x120.png\" class=\"attachment-medium size-medium wp-image-612\" alt=\"\" srcset=\"https:\/\/synclab.at\/wp-content\/uploads\/2020\/02\/synclab-logo-2-300x120.png 300w, https:\/\/synclab.at\/wp-content\/uploads\/2020\/02\/synclab-logo-2.png 512w\" sizes=\"(max-width: 300px) 100vw, 300px\" \/>\t\t\t\t\t\t\t\t\t\t\t\t\t\t\t<\/div>\n\t\t\t\t<\/div>\n\t\t\t\t<div class=\"elementor-element elementor-element-1fe13cc elementor-widget elementor-widget-text-editor\" data-id=\"1fe13cc\" data-element_type=\"widget\" data-e-type=\"widget\" data-widget_type=\"text-editor.default\">\n\t\t\t\t<div class=\"elementor-widget-container\">\n\t\t\t\t\t\t\t\t\t<p class=\"ydpa3603984MsoNormal\" style=\"text-align: center;\"><span class=\"ydpa3603984tlid-translation\"><span lang=\"DE\">Shahad wurde in Bagdad in eine Familie geboren, die ihre Leidenschaft f\u00fcr Kunst, Literatur und Sprachen f\u00f6rderte. W\u00e4hrend ihre Reisen mit ihrer Familie im Nahen Osten als Kind erlebte und lernte sie verschiedene Kulturen und Lebensstile kennen und entdeckte ihre Leidenschaft f\u00fcr interkulturelle Kommunikation sowie Linguistik und Dialekte. Seit ihrem 11. Lebensjahr ist Shahad eine leidenschaftliche Schriftstellerin und Dichterin. <\/span><\/span><\/p><p class=\"ydpa3603984MsoNormal\" style=\"text-align: center;\"><span class=\"ydpa3603984tlid-translation\"><span lang=\"DE\">Sie kam 2009 als Fl\u00fcchtling nach \u00d6sterreich, das war eine der beeindruckendsten und herausforderndsten Erfahrungen in ihrem Leben. Dies war einer der Gr\u00fcnde, warum sie sich 2015 freiwillig am Westbahnhof in Wien engagierte und sp\u00e4ter als Community Managerin im Startup-Unternehmen im Bereich der Integration arbeitete, wo sie ihre Leidenschaft f\u00fcr Organisation und Kommunikation entdeckte. <\/span><\/span><\/p><p class=\"ydpa3603984MsoNormal\" style=\"text-align: center;\"><span class=\"ydpa3603984tlid-translation\"><span lang=\"DE\">Neben dem Schreiben und der Organisation ist Shahad eine S\u00e4ngerin \u00a0und hat verschiedene Erfahrungen mit Improvisation, Performance und Artivismus gemacht.<\/span><\/span><\/p>\t\t\t\t\t\t\t\t<\/div>\n\t\t\t\t<\/div>\n\t\t\t\t\t<\/div>\n\t\t<\/div>\n\t\t\t\t\t<\/div>\n\t\t<\/section>\n\t\t\t\t<\/div>","protected":false},"excerpt":{"rendered":"<p>Shahad wurde in Bagdad in eine Familie geboren, die ihre Leidenschaft f\u00fcr Kunst, Literatur und Sprachen f\u00f6rderte. W\u00e4hrend ihre Reisen mit ihrer Familie im Nahen Osten als Kind erlebte und lernte sie verschiedene Kulturen und Lebensstile kennen und entdeckte ihre Leidenschaft f\u00fcr interkulturelle Kommunikation sowie Linguistik und Dialekte. Seit ihrem 11. Lebensjahr ist Shahad eine [&hellip;]<\/p>\n","protected":false},"author":1,"featured_media":0,"parent":0,"menu_order":0,"comment_status":"closed","ping_status":"closed","template":"","meta":{"footnotes":""},"class_list":["post-933","page","type-page","status-publish","hentry"],"_links":{"self":[{"href":"https:\/\/synclab.at\/en\/wp-json\/wp\/v2\/pages\/933","targetHints":{"allow":["GET"]}}],"collection":[{"href":"https:\/\/synclab.at\/en\/wp-json\/wp\/v2\/pages"}],"about":[{"href":"https:\/\/synclab.at\/en\/wp-json\/wp\/v2\/types\/page"}],"author":[{"embeddable":true,"href":"https:\/\/synclab.at\/en\/wp-json\/wp\/v2\/users\/1"}],"replies":[{"embeddable":true,"href":"https:\/\/synclab.at\/en\/wp-json\/wp\/v2\/comments?post=933"}],"version-history":[{"count":4,"href":"https:\/\/synclab.at\/en\/wp-json\/wp\/v2\/pages\/933\/revisions"}],"predecessor-version":[{"id":943,"href":"https:\/\/synclab.at\/en\/wp-json\/wp\/v2\/pages\/933\/revisions\/943"}],"wp:attachment":[{"href":"https:\/\/synclab.at\/en\/wp-json\/wp\/v2\/media?parent=933"}],"curies":[{"name":"wp","href":"https:\/\/api.w.org\/{rel}","templated":true}]}}